{"id":64,"date":"2016-09-20T09:19:34","date_gmt":"2016-09-19T23:19:34","guid":{"rendered":"https:\/\/awfm.co\/home\/"},"modified":"2023-02-15T17:35:20","modified_gmt":"2023-02-15T07:35:20","slug":"home-2","status":"publish","type":"page","link":"https:\/\/awfm.co\/de\/","title":{"rendered":"A.WFM"},"content":{"rendered":"<div id=\"cs-content\" class=\"cs-content\"><\/div>\n","protected":false},"excerpt":{"rendered":"<p>Das besteWorkforceManagement. Unser einzigartiger Ansatz: Workforce Management, das sich darauf konzentriert was am wichtigsten ist: Ihre Mitarbeiter! PLANUNG \/ ZEITERFASSUNG\/ EMPLOYEE SELF SERVICE Unsere voll web-basierte L\u00f6sung ist einfach installiert und von jeder Plattform, oder mobilem Ger\u00e4t bequem zug\u00e4nglich. Egal ob hosted, oder vor Ort: WebPlanning ist die ideale L\u00f6sung f\u00fcr ihr Workforce Management.Ihre VorteileWeniger0%AdministrationsaufwandVerbesserung0%der Prokuktivit\u00e4tGl\u00fccklichere0%MitarbeiterUnser Fokus: Mitarbeiter-Zentriertes Workforce Management &#8230; <a href=\"https:\/\/awfm.co\/de\/\" class=\"more-link\">Read More<\/a><\/p>\n","protected":false},"author":4,"featured_media":0,"parent":0,"menu_order":0,"comment_status":"closed","ping_status":"closed","template":"template-blank-4.php","meta":{"nf_dc_page":"","footnotes":""},"class_list":["post-64","page","type-page","status-publish","hentry","no-post-thumbnail"],"_links":{"self":[{"href":"https:\/\/awfm.co\/de\/wp-json\/wp\/v2\/pages\/64","targetHints":{"allow":["GET"]}}],"collection":[{"href":"https:\/\/awfm.co\/de\/wp-json\/wp\/v2\/pages"}],"about":[{"href":"https:\/\/awfm.co\/de\/wp-json\/wp\/v2\/types\/page"}],"author":[{"embeddable":true,"href":"https:\/\/awfm.co\/de\/wp-json\/wp\/v2\/users\/4"}],"replies":[{"embeddable":true,"href":"https:\/\/awfm.co\/de\/wp-json\/wp\/v2\/comments?post=64"}],"version-history":[{"count":17,"href":"https:\/\/awfm.co\/de\/wp-json\/wp\/v2\/pages\/64\/revisions"}],"predecessor-version":[{"id":5838,"href":"https:\/\/awfm.co\/de\/wp-json\/wp\/v2\/pages\/64\/revisions\/5838"}],"wp:attachment":[{"href":"https:\/\/awfm.co\/de\/wp-json\/wp\/v2\/media?parent=64"}],"curies":[{"name":"wp","href":"https:\/\/api.w.org\/{rel}","templated":true}]}}